{"id":936,"date":"2018-02-14T16:42:13","date_gmt":"2018-02-14T16:42:13","guid":{"rendered":"https:\/\/protecna.pt\/servicos\/"},"modified":"2024-09-19T14:22:34","modified_gmt":"2024-09-19T14:22:34","slug":"prestacions-de-service","status":"publish","type":"page","link":"https:\/\/protecna.pt\/fr\/prestacions-de-service\/","title":{"rendered":"Prestations de Service"},"content":{"rendered":"<p>[et_pb_section bb_built=\u00a0\u00bb1&Prime; module_class=\u00a0\u00bbhome-intro green-bgcolor\u00a0\u00bb _builder_version=\u00a0\u00bb3.0.100&Prime; custom_padding=\u00a0\u00bb0px|0px|0px|0px\u00a0\u00bb][et_pb_row use_custom_gutter=\u00a0\u00bbon\u00a0\u00bb gutter_width=\u00a0\u00bb1&Prime; make_equal=\u00a0\u00bbon\u00a0\u00bb _builder_version=\u00a0\u00bb3.0.100&Prime; background_size=\u00a0\u00bbinitial\u00a0\u00bb background_position=\u00a0\u00bbtop_left\u00a0\u00bb background_repeat=\u00a0\u00bbrepeat\u00a0\u00bb][et_pb_column type=\u00a0\u00bb1_6&Prime;][et_pb_blurb admin_label=\u00a0\u00bb1\u00ba S\u00edmbolo\u00a0\u00bb title=\u00a0\u00bbCERTIFICATION \u00c9NERG\u00c9TIQUE ET L&rsquo;AIR\u00a0\u00bb image=\u00a0\u00bbhttps:\/\/protecna.pt\/wp-content\/uploads\/2018\/02\/certicacao.png\u00a0\u00bb _builder_version=\u00a0\u00bb3.0.100&Prime; url_new_window=\u00a0\u00bboff\u00a0\u00bb use_icon=\u00a0\u00bboff\u00a0\u00bb use_circle=\u00a0\u00bboff\u00a0\u00bb use_circle_border=\u00a0\u00bboff\u00a0\u00bb icon_placement=\u00a0\u00bbtop\u00a0\u00bb use_icon_font_size=\u00a0\u00bboff\u00a0\u00bb background_layout=\u00a0\u00bblight\u00a0\u00bb \/][\/et_pb_column][et_pb_column type=\u00a0\u00bb1_6&Prime;][et_pb_blurb admin_label=\u00a0\u00bb2\u00ba S\u00edmbolo\u00a0\u00bb title=\u00a0\u00bbEXPERTISE TECHNIQUE\u00a0\u00bb image=\u00a0\u00bbhttps:\/\/protecna.pt\/wp-content\/uploads\/2018\/02\/peritagens.png\u00a0\u00bb _builder_version=\u00a0\u00bb3.0.100&Prime; url_new_window=\u00a0\u00bboff\u00a0\u00bb use_icon=\u00a0\u00bboff\u00a0\u00bb use_circle=\u00a0\u00bboff\u00a0\u00bb use_circle_border=\u00a0\u00bboff\u00a0\u00bb icon_placement=\u00a0\u00bbtop\u00a0\u00bb use_icon_font_size=\u00a0\u00bboff\u00a0\u00bb background_layout=\u00a0\u00bblight\u00a0\u00bb \/][\/et_pb_column][et_pb_column type=\u00a0\u00bb1_6&Prime;][et_pb_blurb admin_label=\u00a0\u00bb3\u00ba S\u00edmbolo\u00a0\u00bb title=\u00a0\u00bbD\u00c9CISION\u00a0\u00bb image=\u00a0\u00bbhttps:\/\/protecna.pt\/wp-content\/uploads\/2018\/02\/decisao.png\u00a0\u00bb _builder_version=\u00a0\u00bb3.0.100&Prime; url_new_window=\u00a0\u00bboff\u00a0\u00bb use_icon=\u00a0\u00bboff\u00a0\u00bb use_circle=\u00a0\u00bboff\u00a0\u00bb use_circle_border=\u00a0\u00bboff\u00a0\u00bb icon_placement=\u00a0\u00bbtop\u00a0\u00bb use_icon_font_size=\u00a0\u00bboff\u00a0\u00bb background_layout=\u00a0\u00bblight\u00a0\u00bb \/][\/et_pb_column][et_pb_column type=\u00a0\u00bb1_6&Prime;][et_pb_blurb admin_label=\u00a0\u00bb4\u00ba S\u00edmbolo\u00a0\u00bb title=\u00a0\u00bbCONCEPT\u00a0\u00bb image=\u00a0\u00bbhttps:\/\/protecna.pt\/wp-content\/uploads\/2018\/02\/concecao.png\u00a0\u00bb _builder_version=\u00a0\u00bb3.0.100&Prime; url_new_window=\u00a0\u00bboff\u00a0\u00bb use_icon=\u00a0\u00bboff\u00a0\u00bb use_circle=\u00a0\u00bboff\u00a0\u00bb use_circle_border=\u00a0\u00bboff\u00a0\u00bb icon_placement=\u00a0\u00bbtop\u00a0\u00bb use_icon_font_size=\u00a0\u00bboff\u00a0\u00bb background_layout=\u00a0\u00bblight\u00a0\u00bb \/][\/et_pb_column][et_pb_column type=\u00a0\u00bb1_6&Prime;][et_pb_blurb admin_label=\u00a0\u00bb5\u00ba S\u00edmbolo\u00a0\u00bb title=\u00a0\u00bbEXECUTION\u00a0\u00bb image=\u00a0\u00bbhttps:\/\/protecna.pt\/wp-content\/uploads\/2018\/02\/execucao.png\u00a0\u00bb _builder_version=\u00a0\u00bb3.0.100&Prime; url_new_window=\u00a0\u00bboff\u00a0\u00bb use_icon=\u00a0\u00bboff\u00a0\u00bb use_circle=\u00a0\u00bboff\u00a0\u00bb use_circle_border=\u00a0\u00bboff\u00a0\u00bb icon_placement=\u00a0\u00bbtop\u00a0\u00bb use_icon_font_size=\u00a0\u00bboff\u00a0\u00bb background_layout=\u00a0\u00bblight\u00a0\u00bb \/][\/et_pb_column][et_pb_column type=\u00a0\u00bb1_6&Prime;][et_pb_blurb admin_label=\u00a0\u00bb6\u00ba S\u00edmbolo\u00a0\u00bb title=\u00a0\u00bbOPERATION\u00a0\u00bb image=\u00a0\u00bbhttps:\/\/protecna.pt\/wp-content\/uploads\/2018\/02\/operacao.png\u00a0\u00bb _builder_version=\u00a0\u00bb3.0.100&Prime; url_new_window=\u00a0\u00bboff\u00a0\u00bb use_icon=\u00a0\u00bboff\u00a0\u00bb use_circle=\u00a0\u00bboff\u00a0\u00bb use_circle_border=\u00a0\u00bboff\u00a0\u00bb icon_placement=\u00a0\u00bbtop\u00a0\u00bb use_icon_font_size=\u00a0\u00bboff\u00a0\u00bb background_layout=\u00a0\u00bblight\u00a0\u00bb \/][\/et_pb_column][\/et_pb_row][\/et_pb_section][et_pb_section bb_built=\u00a0\u00bb1&Prime; _builder_version=\u00a0\u00bb3.0.100&Prime; custom_padding=\u00a0\u00bb0px|0px|0px|0px\u00a0\u00bb][et_pb_row _builder_version=\u00a0\u00bb3.0.100&Prime; custom_margin=\u00a0\u00bb50px||50px|\u00a0\u00bb][et_pb_column type=\u00a0\u00bb4_4&Prime;][et_pb_text _builder_version=\u00a0\u00bb3.0.100&Prime; background_layout=\u00a0\u00bblight\u00a0\u00bb]<\/p>\n<p><strong>PROTECNA<\/strong>\u00a0fournit un certain nombre de services, notamment:<\/p>\n<p>[\/et_pb_text][et_pb_divider _builder_version=\u00a0\u00bb3.0.100&Prime; \/][et_pb_toggle admin_label=\u00a0\u00bbCaixa de Altern\u00e2ncia &#8211; Projets d\u2019ing\u00e9nierie\u00a0\u00bb _builder_version=\u00a0\u00bb3.0.100&Prime; title=\u00a0\u00bbProjets d\u2019ing\u00e9nierie\u00a0\u00bb open=\u00a0\u00bbon\u00a0\u00bb]<\/p>\n<p>Protecna dispose d&rsquo;une \u00e9quipe multidisciplinaire pour d\u00e9velopper des projets sp\u00e9cialis\u00e9s pour les phases de licence et d&rsquo;ex\u00e9cution. Les projets d&rsquo;ing\u00e9nierie couvrent les structures, les r\u00e9seaux d&rsquo;alimentation et de drainage, la thermique, l&rsquo;acoustique, l&rsquo;\u00e9lectricit\u00e9, les t\u00e9l\u00e9communications (ITED) et la climatisation, la ventilation et le chauffage (HVAC), la s\u00e9curit\u00e9 incendie dans les b\u00e2timents (SCIE), la mod\u00e9lisation 3D constructive en BIM, entre autres services.<\/p>\n<p>[\/et_pb_toggle][et_pb_toggle admin_label=\u00a0\u00bbCaixa de Altern\u00e2ncia &#8211; Coordination de la s\u00e9curit\u00e9 et de l\u2019inspection de la construction\u00a0\u00bb _builder_version=\u00a0\u00bb3.0.100&Prime; title=\u00a0\u00bbCoordination de la s\u00e9curit\u00e9 et de l\u2019inspection de la construction\u00a0\u00bb open=\u00a0\u00bboff\u00a0\u00bb]<\/p>\n<p>Le service de coordination de la s\u00e9curit\u00e9 au travail est assur\u00e9 par des techniciens form\u00e9s qui permettent la coordination des diff\u00e9rentes entit\u00e9s impliqu\u00e9es dans les travaux, dans le but de contr\u00f4ler efficacement les bonnes conditions de travail dans le but de r\u00e9duire les accidents du travail et de se conformer aux exigences l\u00e9gales applicables. Le d\u00e9cret-loi n \u00b0 273\/2003 du 29 octobre r\u00e9glemente les conditions de s\u00e9curit\u00e9 et de sant\u00e9 au travail dans les chantiers navals, la coordination de la s\u00e9curit\u00e9 sur site \u00e9tant l&rsquo;une de ses exigences.<\/p>\n<p>[\/et_pb_toggle][et_pb_toggle admin_label=\u00a0\u00bbCaixa de Altern\u00e2ncia &#8211; Conseil et gestion des processus et des travaux d\u2019autorisation\u00a0\u00bb _builder_version=\u00a0\u00bb3.0.100&Prime; title=\u00a0\u00bbConseil et gestion des processus et des travaux d\u2019autorisation\u00a0\u00bb open=\u00a0\u00bboff\u00a0\u00bb]<\/p>\n<p>Protecna dispose d&rsquo;une \u00e9quipe avec une vaste exp\u00e9rience dans le conseil et la gestion de processus impliquant un contact direct avec les entit\u00e9s de licence et de certification, avec le grand avantage d&rsquo;une bonne articulation entre les entit\u00e9s permettant une plus grande fluidit\u00e9 dans les processus de licence.<\/p>\n<p>[\/et_pb_toggle][et_pb_toggle admin_label=\u00a0\u00bbCaixa de Altern\u00e2ncia &#8211; Conseil de G\u00e9otechnique et Stabilit\u00e9\u00a0\u00bb _builder_version=\u00a0\u00bb3.0.100&Prime; title=\u00a0\u00bbConseil de G\u00e9otechnique et Stabilit\u00e9\u00a0\u00bb open=\u00a0\u00bboff\u00a0\u00bb]<\/p>\n<p>Le service de Conseil de G\u00e9otechnique et Stabilit\u00e9 implique une \u00e9quipe de techniciens ayant des connaissances en sciences du sol qui d\u00e9veloppent des \u00e9tudes int\u00e9gr\u00e9es dans le domaine de la g\u00e9otechnique et de la g\u00e9ologie, et lorsque cela est n\u00e9cessaire, des connaissances sur le niveau de stabilit\u00e9 et de confinement p\u00e9riph\u00e9rique sont \u00e9galement appliqu\u00e9es. En partenariat avec d&rsquo;autres soci\u00e9t\u00e9s de la zone, qui utilisent leurs propres moyens techniques, Protecna dispose des comp\u00e9tences pour r\u00e9aliser des travaux d&rsquo;exploration g\u00e9otechnique.<\/p>\n<p>[\/et_pb_toggle][et_pb_toggle admin_label=\u00a0\u00bbCaixa de Altern\u00e2ncia &#8211; Mesures d\u2019autoprotection\u00a0\u00bb _builder_version=\u00a0\u00bb3.0.100&Prime; title=\u00a0\u00bbMesures d\u2019autoprotection\u00a0\u00bb open=\u00a0\u00bboff\u00a0\u00bb]<\/p>\n<p>Des mesures d&rsquo;autoprotection sont exig\u00e9es par le syst\u00e8me juridique de s\u00e9curit\u00e9 incendie dans les b\u00e2timents (RJSCIE) dans les b\u00e2timents de 1\u00e8re, 2\u00e8me, 3\u00e8me et 4\u00e8me cat\u00e9gorie de risque. Ce document consiste en la compilation d&rsquo;informations techniques comprenant des mesures pr\u00e9ventives, des mesures d&rsquo;intervention en cas d&rsquo;incendie, des registres de s\u00e9curit\u00e9 et des simulations pour tester les mesures d&rsquo;autoprotection.<\/p>\n<p>[\/et_pb_toggle][et_pb_toggle admin_label=\u00a0\u00bbCaixa de Altern\u00e2ncia &#8211; Rapport de vuln\u00e9rabilit\u00e9 sismique\u00a0\u00bb _builder_version=\u00a0\u00bb3.0.100&Prime; title=\u00a0\u00bbRapport de vuln\u00e9rabilit\u00e9 sismique\u00a0\u00bb open=\u00a0\u00bboff\u00a0\u00bb]<\/p>\n<p>L&rsquo;\u00e9quipe de Protecna est compos\u00e9e de dipl\u00f4m\u00e9s et de masters en ing\u00e9nierie coordonn\u00e9s par un sp\u00e9cialiste en structure de l&rsquo;Ordre des ing\u00e9nieurs. Pour l&rsquo;\u00e9tude de la vuln\u00e9rabilit\u00e9 sismique, un logiciel d&rsquo;analyse lin\u00e9aire et non lin\u00e9aire est utilis\u00e9 pour l&rsquo;analyse structurelle du b\u00e2timent existant et de tout changement r\u00e9sultant d&rsquo;interventions architecturales. Le rapport de vuln\u00e9rabilit\u00e9 sismique est d\u00e9sormais requis par l&rsquo;ordonnance n \u00b0 302\/2019 dans les travaux de r\u00e9habilitation, et n\u00e9cessitera \u00e9galement la pr\u00e9paration d&rsquo;un projet de renforcement sismique le cas \u00e9ch\u00e9ant.<\/p>\n<p>[\/et_pb_toggle][et_pb_divider _builder_version=\u00a0\u00bb3.0.100&Prime; \/][et_pb_toggle admin_label=\u00a0\u00bbCaixa de Altern\u00e2ncia &#8211; Certification \u00e9nerg\u00e9tique et qualit\u00e9 de l\u2019air int\u00e9rieur\u00a0\u00bb _builder_version=\u00a0\u00bb3.0.100&Prime; title=\u00a0\u00bbCertification \u00e9nerg\u00e9tique et qualit\u00e9 de l\u2019air int\u00e9rieur\u00a0\u00bb open=\u00a0\u00bboff\u00a0\u00bb]<\/p>\n<p>Le service de certification \u00e9nerg\u00e9tique est applicable aux b\u00e2timents neufs ou existants. Depuis le 1er janvier 2009, il est obligatoire de pr\u00e9senter un certificat \u00e9nerg\u00e9tique, pour les b\u00e2timents \/ fractions construites, au moment de la vente ou de la location. Protecna dispose des moyens techniques et des \u00e9quipements permettant l&rsquo;\u00e9valuation et la d\u00e9livrance du certificat \u00e9nerg\u00e9tique par des Experts Qualifi\u00e9s par ADENE.<\/p>\n<p>[\/et_pb_toggle][et_pb_toggle admin_label=\u00a0\u00bbCaixa de Altern\u00e2ncia &#8211; Expertise technique\u00a0\u00bb _builder_version=\u00a0\u00bb3.0.100&Prime; title=\u00a0\u00bbExpertise technique\u00a0\u00bb open=\u00a0\u00bboff\u00a0\u00bb]<\/p>\n<p>Protecna dispose d&rsquo;une \u00e9quipe multidisciplinaire qui fait une analyse du b\u00e2timent dans ses diff\u00e9rents aspects, \u00e0 savoir, les structures, l&rsquo;approvisionnement, le drainage, l&rsquo;\u00e9lectricit\u00e9, le gaz, entre autres, \u00e0 l&rsquo;aide d&rsquo;\u00e9quipements techniques (cam\u00e9ra endoscopique, cam\u00e9ra thermique, drone, etc.) qui permettent de mieux interpr\u00e9tation des pathologies.<\/p>\n<p>Le rapport d&rsquo;expert aboutit \u00e0 un rapport (PT ou EN), qui pr\u00e9sente une \u00e9tude d\u00e9taill\u00e9e des probl\u00e8mes d\u00e9tect\u00e9s et la proposition de mesures pour am\u00e9liorer et entretenir le b\u00e2timent.<\/p>\n<p>[\/et_pb_toggle][et_pb_toggle admin_label=\u00a0\u00bbCaixa de Altern\u00e2ncia &#8211; \u00c9valuation immobili\u00e8re\u00a0\u00bb _builder_version=\u00a0\u00bb3.0.100&Prime; title=\u00a0\u00bb\u00c9valuation immobili\u00e8re\u00a0\u00bb open=\u00a0\u00bboff\u00a0\u00bb]<\/p>\n<p>Protecna est enregistr\u00e9e aupr\u00e8s de la CMVM sous le num\u00e9ro d&rsquo;enregistrement: PAI \/ 2012\/0061 et fournit des services d&rsquo;\u00e9valuation immobili\u00e8re, qui consistent en une analyse d\u00e9taill\u00e9e de tous les \u00e9l\u00e9ments du b\u00e2timent, y compris son environnement g\u00e9ographique, aboutissant \u00e0 un rapport technique o\u00f9 la valeur propos\u00e9e pour la propri\u00e9t\u00e9 est pr\u00e9sent\u00e9e.<\/p>\n<p>[\/et_pb_toggle][et_pb_divider _builder_version=\u00a0\u00bb3.0.100&Prime; \/][et_pb_toggle admin_label=\u00a0\u00bbCaixa de Altern\u00e2ncia &#8211; Coordination et Contr\u00f4le Qualit\u00e9, S\u00e9curit\u00e9, D\u00e9lais et Co\u00fbts\u00a0\u00bb _builder_version=\u00a0\u00bb3.0.100&Prime; title=\u00a0\u00bbCoordination et Contr\u00f4le Qualit\u00e9, S\u00e9curit\u00e9, D\u00e9lais et Co\u00fbts\u00a0\u00bb open=\u00a0\u00bboff\u00a0\u00bb]<\/p>\n<p>La Coordination et Contr\u00f4le Qualit\u00e9, S\u00e9curit\u00e9, D\u00e9lais et Co\u00fbts est un service global qui se traduit par la pr\u00e9sentation de rapports mensuels au Ma\u00eetre d&rsquo;Ouvrage sur l&rsquo;\u00e9volution des travaux et le contr\u00f4le qualit\u00e9, s\u00e9curit\u00e9, d\u00e9lais et co\u00fbts, qui repr\u00e9sente les mesures qui ont \u00e9t\u00e9 prises ou qui doivent \u00eatre mises en \u0153uvre pour le bon d\u00e9veloppement de l&rsquo;\u0153uvre.<\/p>\n<p>[\/et_pb_toggle][et_pb_toggle admin_label=\u00a0\u00bbCaixa de Altern\u00e2ncia &#8211; Gestion des entreprises et des travaux\u00a0\u00bb _builder_version=\u00a0\u00bb3.0.100&Prime; title=\u00a0\u00bbGestion des entreprises et des travaux\u00a0\u00bb open=\u00a0\u00bboff\u00a0\u00bb]<\/p>\n<p>Protecna poss\u00e8de une vaste exp\u00e9rience dans la gestion de projets et de travaux qui permet la rentabilit\u00e9 des travaux, notamment pour les sous-traitants et qui peut \u00eatre compl\u00e9t\u00e9e par d&rsquo;autres services.<\/p>\n<p>[\/et_pb_toggle][et_pb_toggle admin_label=\u00a0\u00bbCaixa de Altern\u00e2ncia &#8211; Coordination des conseils juridiques\u00a0\u00bb _builder_version=\u00a0\u00bb3.0.100&Prime; title=\u00a0\u00bbCoordination des conseils juridiques\u00a0\u00bb open=\u00a0\u00bboff\u00a0\u00bb]<\/p>\n<p>Protecna, en tant que chef de projet, envoie ses clients vers des avocats ou d&rsquo;autres professionnels qualifi\u00e9s ma\u00eetrisant les aspects li\u00e9s \u00e0 la construction et \u00e0 l&rsquo;immobilier, \u00e0 savoir la location, l&rsquo;achat et la vente et l&rsquo;urbanisme.<\/p>\n<p>[\/et_pb_toggle][\/et_pb_column][\/et_pb_row][\/et_pb_section]<\/p>\n","protected":false},"excerpt":{"rendered":"<p>[et_pb_section bb_built=\u00a0\u00bb1&Prime; module_class=\u00a0\u00bbhome-intro green-bgcolor\u00a0\u00bb _builder_version=\u00a0\u00bb3.0.100&Prime; custom_padding=\u00a0\u00bb0px|0px|0px|0px\u00a0\u00bb][et_pb_row use_custom_gutter=\u00a0\u00bbon\u00a0\u00bb gutter_width=\u00a0\u00bb1&Prime; make_equal=\u00a0\u00bbon\u00a0\u00bb _builder_version=\u00a0\u00bb3.0.100&Prime; background_size=\u00a0\u00bbinitial\u00a0\u00bb background_position=\u00a0\u00bbtop_left\u00a0\u00bb background_repeat=\u00a0\u00bbrepeat\u00a0\u00bb][et_pb_column type=\u00a0\u00bb1_6&Prime;][et_pb_blurb admin_label=\u00a0\u00bb1\u00ba S\u00edmbolo\u00a0\u00bb title=\u00a0\u00bbCERTIFICATION \u00c9NERG\u00c9TIQUE ET L&rsquo;AIR\u00a0\u00bb image=\u00a0\u00bbhttps:\/\/protecna.pt\/wp-content\/uploads\/2018\/02\/certicacao.png\u00a0\u00bb _builder_version=\u00a0\u00bb3.0.100&Prime; url_new_window=\u00a0\u00bboff\u00a0\u00bb use_icon=\u00a0\u00bboff\u00a0\u00bb use_circle=\u00a0\u00bboff\u00a0\u00bb use_circle_border=\u00a0\u00bboff\u00a0\u00bb icon_placement=\u00a0\u00bbtop\u00a0\u00bb use_icon_font_size=\u00a0\u00bboff\u00a0\u00bb background_layout=\u00a0\u00bblight\u00a0\u00bb \/][\/et_pb_column][et_pb_column type=\u00a0\u00bb1_6&Prime;][et_pb_blurb admin_label=\u00a0\u00bb2\u00ba S\u00edmbolo\u00a0\u00bb title=\u00a0\u00bbEXPERTISE TECHNIQUE\u00a0\u00bb image=\u00a0\u00bbhttps:\/\/protecna.pt\/wp-content\/uploads\/2018\/02\/peritagens.png\u00a0\u00bb _builder_version=\u00a0\u00bb3.0.100&Prime; url_new_window=\u00a0\u00bboff\u00a0\u00bb use_icon=\u00a0\u00bboff\u00a0\u00bb use_circle=\u00a0\u00bboff\u00a0\u00bb use_circle_border=\u00a0\u00bboff\u00a0\u00bb icon_placement=\u00a0\u00bbtop\u00a0\u00bb use_icon_font_size=\u00a0\u00bboff\u00a0\u00bb background_layout=\u00a0\u00bblight\u00a0\u00bb \/][\/et_pb_column][et_pb_column type=\u00a0\u00bb1_6&Prime;][et_pb_blurb admin_label=\u00a0\u00bb3\u00ba S\u00edmbolo\u00a0\u00bb title=\u00a0\u00bbD\u00c9CISION\u00a0\u00bb image=\u00a0\u00bbhttps:\/\/protecna.pt\/wp-content\/uploads\/2018\/02\/decisao.png\u00a0\u00bb _builder_version=\u00a0\u00bb3.0.100&Prime; url_new_window=\u00a0\u00bboff\u00a0\u00bb use_icon=\u00a0\u00bboff\u00a0\u00bb use_circle=\u00a0\u00bboff\u00a0\u00bb use_circle_border=\u00a0\u00bboff\u00a0\u00bb [&hellip;]<\/p>\n","protected":false},"author":2,"featured_media":1015,"parent":0,"menu_order":0,"comment_status":"closed","ping_status":"closed","template":"","meta":{"footnotes":""},"class_list":["post-936","page","type-page","status-publish","has-post-thumbnail","hentry"],"_links":{"self":[{"href":"https:\/\/protecna.pt\/fr\/wp-json\/wp\/v2\/pages\/936"}],"collection":[{"href":"https:\/\/protecna.pt\/fr\/wp-json\/wp\/v2\/pages"}],"about":[{"href":"https:\/\/protecna.pt\/fr\/wp-json\/wp\/v2\/types\/page"}],"author":[{"embeddable":true,"href":"https:\/\/protecna.pt\/fr\/wp-json\/wp\/v2\/users\/2"}],"replies":[{"embeddable":true,"href":"https:\/\/protecna.pt\/fr\/wp-json\/wp\/v2\/comments?post=936"}],"version-history":[{"count":23,"href":"https:\/\/protecna.pt\/fr\/wp-json\/wp\/v2\/pages\/936\/revisions"}],"predecessor-version":[{"id":6569,"href":"https:\/\/protecna.pt\/fr\/wp-json\/wp\/v2\/pages\/936\/revisions\/6569"}],"wp:featuredmedia":[{"embeddable":true,"href":"https:\/\/protecna.pt\/fr\/wp-json\/wp\/v2\/media\/1015"}],"wp:attachment":[{"href":"https:\/\/protecna.pt\/fr\/wp-json\/wp\/v2\/media?parent=936"}],"curies":[{"name":"wp","href":"https:\/\/api.w.org\/{rel}","templated":true}]}}